{"id":103,"date":"2023-08-06T23:39:43","date_gmt":"2023-08-06T23:39:43","guid":{"rendered":"https:\/\/booking.stepzi.info\/?page_id=103"},"modified":"2023-08-06T23:40:02","modified_gmt":"2023-08-06T23:40:02","slug":"services","status":"publish","type":"page","link":"https:\/\/booking.stepzi.info\/?page_id=103","title":{"rendered":"Services"},"content":{"rendered":"\t\t<div data-elementor-type=\"wp-page\" data-elementor-id=\"103\" class=\"elementor elementor-103\">\n\t\t\t\t\t\t<section class=\"elementor-section elementor-top-section elementor-element elementor-element-38cc40b elementor-section-boxed elementor-section-height-default elementor-section-height-default\" data-id=\"38cc40b\" data-element_type=\"section\" data-e-type=\"section\">\n\t\t\t\t\t\t<div class=\"elementor-container elementor-column-gap-default\">\n\t\t\t\t\t<div class=\"elementor-column elementor-col-100 elementor-top-column elementor-element elementor-element-a646bf9\" data-id=\"a646bf9\" data-element_type=\"column\" data-e-type=\"column\">\n\t\t\t<div class=\"elementor-widget-wrap elementor-element-populated\">\n\t\t\t\t\t\t<div class=\"elementor-element elementor-element-8208da7 elementor-widget elementor-widget-mphbe-services\" data-id=\"8208da7\" data-element_type=\"widget\" data-e-type=\"widget\" data-widget_type=\"mphbe-services.default\">\n\t\t\t\t<div class=\"elementor-widget-container\">\n\t\t\t\t\t<div class=\"mphb_sc_services-wrapper \"><div class=\"mphb-service post-20 mphb_room_service type-mphb_room_service status-publish mphb-service-pay-per-adult mphb-service-pay-per-night\">\n\n\t\n\n<h2 class=\"mphb-service-title\">\n<a href=\"https:\/\/booking.stepzi.info\/?mphb_room_service=breakfast\">Breakfast<\/a>\n<\/h2>\n\n<p>Cereals and access to the kitchen are included if you book a stay at our lodging . If you wish to be served a more elaborate breakfast we are happy to do so. It is a premium service. \u25cf Wenn du bei uns wohnst, hast du Zugang zu unserer K\u00fcche und M\u00fcsli. Falls dir das [&hellip;]<\/p>\n\n\n<p class=\"mphb-price-wrapper\"><strong>Price:<\/strong>\n<span class=\"mphb-price\">0.69<span class=\"mphb-currency\">&euro;<\/span><\/span> \/ Per Day \/ Per Guest\n<\/p>\n<\/div>\n<div class=\"mphb-service post-139 mphb_room_service type-mphb_room_service status-publish mphb-service-pay-per-adult mphb-service-pay-by-guest-choise\">\n\n\t\n\n<h2 class=\"mphb-service-title\">\n<a href=\"https:\/\/booking.stepzi.info\/?mphb_room_service=sightseeing\">Sightseeing<\/a>\n<\/h2>\n\n<p>While we are by far no locals (yet), we might be better than nothing. If you book this option we will negotiate a tour which will fit your interests and needs. \u25cf Wir sind zwar bei weitem (noch) keine Einheimischen aber doch besser als nix. Wenn du diese Option buchst werden wir mit dir gemeinsam [&hellip;]<\/p>\n\n\n<p class=\"mphb-price-wrapper\"><strong>Price:<\/strong>\n<span class=\"mphb-price\">0.42<span class=\"mphb-currency\">&euro;<\/span><\/span> \/ Per Instance \/ Per Guest\n<\/p>\n<\/div>\n<div class=\"mphb-service post-517 mphb_room_service type-mphb_room_service status-publish mphb-service-pay-per-adult mphb-service-pay-by-guest-choise\">\n\n\t\n\n<h2 class=\"mphb-service-title\">\n<a href=\"https:\/\/booking.stepzi.info\/?mphb_room_service=dinner\">Dinner<\/a>\n<\/h2>\n\n<p>No matter if Danish, German, Korean or the kitchen of other countries of the world, our chefs are just waiting to stuff your tummies with their tasty creations. \u25cf Egal ob D\u00e4nische, Deutsche, Koreanische oder die K\u00fcche anderer L\u00e4nder der Welt, unsere K\u00f6che warten nur darauf eure B\u00e4uche mit ihren K\u00f6stlichkeiten zu f\u00fcllen.<\/p>\n\n\n<p class=\"mphb-price-wrapper\"><strong>Price:<\/strong>\n<span class=\"mphb-price\">0.81<span class=\"mphb-currency\">&euro;<\/span><\/span> \/ Per Instance \/ Per Guest\n<\/p>\n<\/div>\n<div class=\"mphb-service post-527 mphb_room_service type-mphb_room_service status-publish mphb-service-pay-per-adult\">\n\n\t\n\n<h2 class=\"mphb-service-title\">\n<a href=\"https:\/\/booking.stepzi.info\/?mphb_room_service=cool-beverages\">Cool Beverages<\/a>\n<\/h2>\n\n<p>We will have a cool beverage of your liking prepared for your arrival or any other point in time if you wish. Let us know what your taste buds crave in the &#8220;Notes&#8221; field during check-out. \u25cf Wenn du willst, halten wir k\u00fchle Getr\u00e4nke f\u00fcr deine Ankunft und w\u00e4hrend deines Aufenthalts bereit. Schreibe wonach sich [&hellip;]<\/p>\n\n\n<p class=\"mphb-price-wrapper\"><strong>Price:<\/strong>\n<span class=\"mphb-price\">1.49<span class=\"mphb-currency\">&euro;<\/span><\/span> \/ Once \/ Per Guest\n<\/p>\n<\/div>\n<\/div>\t\t\t\t<\/div>\n\t\t\t\t<\/div>\n\t\t\t\t\t<\/div>\n\t\t<\/div>\n\t\t\t\t\t<\/div>\n\t\t<\/section>\n\t\t\t\t<\/div>\n\t\t","protected":false},"excerpt":{"rendered":"<p>Breakfast mhmm leckeer fr\u00fchst\u00fcck Price: 9.99&euro; \/ Per Day \/ Per Guest<\/p>\n","protected":false},"author":1,"featured_media":0,"parent":0,"menu_order":0,"comment_status":"closed","ping_status":"closed","template":"","meta":{"footnotes":""},"class_list":["post-103","page","type-page","status-publish","hentry"],"_links":{"self":[{"href":"https:\/\/booking.stepzi.info\/index.php?rest_route=\/wp\/v2\/pages\/103","targetHints":{"allow":["GET"]}}],"collection":[{"href":"https:\/\/booking.stepzi.info\/index.php?rest_route=\/wp\/v2\/pages"}],"about":[{"href":"https:\/\/booking.stepzi.info\/index.php?rest_route=\/wp\/v2\/types\/page"}],"author":[{"embeddable":true,"href":"https:\/\/booking.stepzi.info\/index.php?rest_route=\/wp\/v2\/users\/1"}],"replies":[{"embeddable":true,"href":"https:\/\/booking.stepzi.info\/index.php?rest_route=%2Fwp%2Fv2%2Fcomments&post=103"}],"version-history":[{"count":4,"href":"https:\/\/booking.stepzi.info\/index.php?rest_route=\/wp\/v2\/pages\/103\/revisions"}],"predecessor-version":[{"id":107,"href":"https:\/\/booking.stepzi.info\/index.php?rest_route=\/wp\/v2\/pages\/103\/revisions\/107"}],"wp:attachment":[{"href":"https:\/\/booking.stepzi.info\/index.php?rest_route=%2Fwp%2Fv2%2Fmedia&parent=103"}],"curies":[{"name":"wp","href":"https:\/\/api.w.org\/{rel}","templated":true}]}}