{"id":62,"date":"2023-08-06T22:02:46","date_gmt":"2023-08-06T22:02:46","guid":{"rendered":"https:\/\/booking.stepzi.info\/?page_id=62"},"modified":"2023-09-19T21:39:36","modified_gmt":"2023-09-19T21:39:36","slug":"test-page","status":"publish","type":"page","link":"https:\/\/booking.stepzi.info\/","title":{"rendered":"Book Your Stay&#8230;"},"content":{"rendered":"\t\t<div data-elementor-type=\"wp-page\" data-elementor-id=\"62\" class=\"elementor elementor-62\">\n\t\t\t\t\t\t<section class=\"elementor-section elementor-top-section elementor-element elementor-element-6c3c1e8 elementor-section-boxed elementor-section-height-default elementor-section-height-default\" data-id=\"6c3c1e8\" data-element_type=\"section\" data-e-type=\"section\">\n\t\t\t\t\t\t<div class=\"elementor-container elementor-column-gap-default\">\n\t\t\t\t\t<div class=\"elementor-column elementor-col-100 elementor-top-column elementor-element elementor-element-d1917f9\" data-id=\"d1917f9\" data-element_type=\"column\" data-e-type=\"column\">\n\t\t\t<div class=\"elementor-widget-wrap elementor-element-populated\">\n\t\t\t\t\t\t<div class=\"elementor-element elementor-element-91af9a2 elementor-widget elementor-widget-text-editor\" data-id=\"91af9a2\" data-element_type=\"widget\" data-e-type=\"widget\" data-widget_type=\"text-editor.default\">\n\t\t\t\t<div class=\"elementor-widget-container\">\n\t\t\t\t\t\t\t\t\t<h4 class=\"elementor-heading-title elementor-size-default elementor-inline-editing pen\" contenteditable=\"true\" data-elementor-setting-key=\"title\" data-pen-placeholder=\"Type Here...\">Velkommen<i> til K\u00f8benhavn!<\/i><\/h4>\t\t\t\t\t\t\t\t<\/div>\n\t\t\t\t<\/div>\n\t\t\t\t\t<\/div>\n\t\t<\/div>\n\t\t\t\t\t<\/div>\n\t\t<\/section>\n\t\t\t\t<section class=\"elementor-section elementor-top-section elementor-element elementor-element-0eaf7df elementor-section-boxed elementor-section-height-default elementor-section-height-default\" data-id=\"0eaf7df\" data-element_type=\"section\" data-e-type=\"section\">\n\t\t\t\t\t\t<div class=\"elementor-container elementor-column-gap-default\">\n\t\t\t\t\t<div class=\"elementor-column elementor-col-50 elementor-top-column elementor-element elementor-element-40f17e5\" data-id=\"40f17e5\" data-element_type=\"column\" data-e-type=\"column\">\n\t\t\t<div class=\"elementor-widget-wrap elementor-element-populated\">\n\t\t\t\t\t\t<div class=\"elementor-element elementor-element-0e8cf5e elementor-widget elementor-widget-text-editor\" data-id=\"0e8cf5e\" data-element_type=\"widget\" data-e-type=\"widget\" data-widget_type=\"text-editor.default\">\n\t\t\t\t<div class=\"elementor-widget-container\">\n\t\t\t\t\t\t\t\t\t<p>We know by first hand experience how pricey this city can be. To relief the strain on your pocket we offer you to stay at our spacious apartment in the green surroundings of\u00a0Br\u00f8nsh\u00f8j-Husum. In case that is too close for comfort you are of course free to book an external accommodation.<\/p><p>We are looking forward to welcoming you very soon. You can choose your preferred accommodation below. No matter what you will choose we hope you will have a great time in this beautiful city.<\/p><p>\u00a0<\/p>\t\t\t\t\t\t\t\t<\/div>\n\t\t\t\t<\/div>\n\t\t\t\t\t<\/div>\n\t\t<\/div>\n\t\t\t\t<div class=\"elementor-column elementor-col-50 elementor-top-column elementor-element elementor-element-d85aad7\" data-id=\"d85aad7\" data-element_type=\"column\" data-e-type=\"column\">\n\t\t\t<div class=\"elementor-widget-wrap elementor-element-populated\">\n\t\t\t\t\t\t<div class=\"elementor-element elementor-element-7725d24 elementor-widget elementor-widget-text-editor\" data-id=\"7725d24\" data-element_type=\"widget\" data-e-type=\"widget\" data-widget_type=\"text-editor.default\">\n\t\t\t\t<div class=\"elementor-widget-container\">\n\t\t\t\t\t\t\t\t\t<p>Wir wissen aus eigener Erfahrung wie teuer diese Stadt sein kann. Um deine Geldb\u00f6rse zu entlasten, bieten wir dir an Gast in unserem ger\u00e4umigen Apartment in Br\u00f8nsh\u00f8j-Husum zu sein. Wenn dir das doch zu viel N\u00e4he sein sollte, steht es dir selbstverst\u00e4ndlich auch frei eine ausw\u00e4rtige Unterkunft zu buchen.<\/p>\n<p>Davon unabh\u00e4ngig freuen wir uns darauf dich bald wilkommen hei\u00dfen zu d\u00fcrfen. Du kannst die Unterkunft deiner Wahl untenstehend buchen. Egal was du buchst hoffen wir, dass du eine tolle Zeit in dieser sch\u00f6nen Stadt haben wirst.<\/p>\n<p><\/p>\t\t\t\t\t\t\t\t<\/div>\n\t\t\t\t<\/div>\n\t\t\t\t\t<\/div>\n\t\t<\/div>\n\t\t\t\t\t<\/div>\n\t\t<\/section>\n\t\t\t\t<section class=\"elementor-section elementor-top-section elementor-element elementor-element-4947a41 elementor-section-boxed elementor-section-height-default elementor-section-height-default\" data-id=\"4947a41\" data-element_type=\"section\" data-e-type=\"section\">\n\t\t\t\t\t\t<div class=\"elementor-container elementor-column-gap-default\">\n\t\t\t\t\t<div class=\"elementor-column elementor-col-33 elementor-top-column elementor-element elementor-element-812270c\" data-id=\"812270c\" data-element_type=\"column\" data-e-type=\"column\" data-settings=\"{&quot;background_background&quot;:&quot;classic&quot;}\">\n\t\t\t<div class=\"elementor-widget-wrap elementor-element-populated\">\n\t\t\t\t\t\t<div class=\"elementor-element elementor-element-3150588 elementor-widget elementor-widget-mphbe-room\" data-id=\"3150588\" data-element_type=\"widget\" data-e-type=\"widget\" data-widget_type=\"mphbe-room.default\">\n\t\t\t\t<div class=\"elementor-widget-container\">\n\t\t\t\t\t<div class=\"mphb_sc_room-wrapper \"><div class=\"mphb-room-type post-19 mphb_room_type type-mphb_room_type status-publish has-post-thumbnail mphb_room_type_category-living-room mphb_room_type_facility-balcony mphb_room_type_facility-bathroom mphb_room_type_facility-fridge mphb_room_type_facility-kettle mphb_room_type_facility-kitchen mphb_room_type_facility-shower mphb_room_type_facility-stove mphb_room_type_facility-towels mphb-room-type-adults-4 mphb-room-type-children-0 \">\n\n\t\n\t\n\n\t<p class=\"post-thumbnail mphb-loop-room-thumbnail\">\n\t<a href=\"https:\/\/booking.stepzi.info\/?mphb_room_type=floor\">\n\t<img fetchpriority=\"high\" decoding=\"async\" width=\"2560\" height=\"1437\" src=\"https:\/\/booking.stepzi.info\/wp-content\/uploads\/2023\/08\/20231008_095926-scaled-e1697841183332.jpg\" class=\"attachment-post-thumbnail size-post-thumbnail wp-post-image\" alt=\"\" srcset=\"https:\/\/booking.stepzi.info\/wp-content\/uploads\/2023\/08\/20231008_095926-scaled-e1697841183332.jpg 2560w, https:\/\/booking.stepzi.info\/wp-content\/uploads\/2023\/08\/20231008_095926-scaled-e1697841183332-300x168.jpg 300w, https:\/\/booking.stepzi.info\/wp-content\/uploads\/2023\/08\/20231008_095926-scaled-e1697841183332-1024x575.jpg 1024w, https:\/\/booking.stepzi.info\/wp-content\/uploads\/2023\/08\/20231008_095926-scaled-e1697841183332-768x431.jpg 768w, https:\/\/booking.stepzi.info\/wp-content\/uploads\/2023\/08\/20231008_095926-scaled-e1697841183332-1536x862.jpg 1536w, https:\/\/booking.stepzi.info\/wp-content\/uploads\/2023\/08\/20231008_095926-scaled-e1697841183332-2048x1150.jpg 2048w\" sizes=\"(max-width: 2560px) 100vw, 2560px\" \/>\t<\/a>\n\n\t<\/p>\n\n<h2 class=\"mphb-room-type-title entry-title\">\n\n<a class=\"mphb-room-type-title\" href=\"https:\/\/booking.stepzi.info\/?mphb_room_type=floor\">The Floor<\/a>\n\n<\/h2>\n\n<p>Spend the night on our hardwood floor.<br \/>\n\u25cf<br \/>\nVerbringe die Nacht auf unserem Parkettboden.<\/p>\n\n\n\n\t\n<\/div>\n<\/div>\t\t\t\t<\/div>\n\t\t\t\t<\/div>\n\t\t\t\t<div class=\"elementor-element elementor-element-b59cea9 elementor-align-justify elementor-widget elementor-widget-button\" data-id=\"b59cea9\" data-element_type=\"widget\" data-e-type=\"widget\" data-widget_type=\"button.default\">\n\t\t\t\t<div class=\"elementor-widget-container\">\n\t\t\t\t\t\t\t\t\t<div class=\"elementor-button-wrapper\">\n\t\t\t\t\t<a class=\"elementor-button elementor-button-link elementor-size-lg\" href=\"https:\/\/booking.stepzi.info\/?mphb_room_type=floor\">\n\t\t\t\t\t\t<span class=\"elementor-button-content-wrapper\">\n\t\t\t\t\t\t\t\t\t<span class=\"elementor-button-text\">Show Me More!<\/span>\n\t\t\t\t\t<\/span>\n\t\t\t\t\t<\/a>\n\t\t\t\t<\/div>\n\t\t\t\t\t\t\t\t<\/div>\n\t\t\t\t<\/div>\n\t\t\t\t\t<\/div>\n\t\t<\/div>\n\t\t\t\t<div class=\"elementor-column elementor-col-33 elementor-top-column elementor-element elementor-element-7ffe19e\" data-id=\"7ffe19e\" data-element_type=\"column\" data-e-type=\"column\" data-settings=\"{&quot;background_background&quot;:&quot;classic&quot;}\">\n\t\t\t<div class=\"elementor-widget-wrap elementor-element-populated\">\n\t\t\t\t\t\t<div class=\"elementor-element elementor-element-7ef8619 elementor-widget elementor-widget-mphbe-room\" data-id=\"7ef8619\" data-element_type=\"widget\" data-e-type=\"widget\" data-widget_type=\"mphbe-room.default\">\n\t\t\t\t<div class=\"elementor-widget-container\">\n\t\t\t\t\t<div class=\"mphb_sc_room-wrapper \"><div class=\"mphb-room-type post-199 mphb_room_type type-mphb_room_type status-publish has-post-thumbnail mphb-room-type-adults-4 mphb-room-type-children-0 \">\n\n\t\n\t\n\n\t<p class=\"post-thumbnail mphb-loop-room-thumbnail\">\n\t<a href=\"https:\/\/booking.stepzi.info\/?mphb_room_type=the-i-aint-bothering-you\">\n\t<img decoding=\"async\" width=\"1024\" height=\"576\" src=\"https:\/\/booking.stepzi.info\/wp-content\/uploads\/2023\/09\/DALL\u00b7E-2023-09-08-20.24.47-Hotel-in-Copenhagen-for-a-website-banner-e1694206985658.png\" class=\"attachment-post-thumbnail size-post-thumbnail wp-post-image\" alt=\"\" srcset=\"https:\/\/booking.stepzi.info\/wp-content\/uploads\/2023\/09\/DALL\u00b7E-2023-09-08-20.24.47-Hotel-in-Copenhagen-for-a-website-banner-e1694206985658.png 1024w, https:\/\/booking.stepzi.info\/wp-content\/uploads\/2023\/09\/DALL\u00b7E-2023-09-08-20.24.47-Hotel-in-Copenhagen-for-a-website-banner-e1694206985658-300x169.png 300w, https:\/\/booking.stepzi.info\/wp-content\/uploads\/2023\/09\/DALL\u00b7E-2023-09-08-20.24.47-Hotel-in-Copenhagen-for-a-website-banner-e1694206985658-768x432.png 768w\" sizes=\"(max-width: 1024px) 100vw, 1024px\" \/>\t<\/a>\n\n\t<\/p>\n\n<h2 class=\"mphb-room-type-title entry-title\">\n\n<a class=\"mphb-room-type-title\" href=\"https:\/\/booking.stepzi.info\/?mphb_room_type=the-i-aint-bothering-you\">The &#8220;I ain&#8217;t Bothering You&#8221;<\/a>\n\n<\/h2>\n\n<p>If you have found an external accommodation.<br \/>\n\u25cf<br \/>\nFalls du bereits eine externe Unterkunft hast.<\/p>\n\n\n\n\t<p class=\"mphb-regular-price\"><strong>Prices start at:<\/strong>\n\t<span class=\"mphb-price\">0.01<span class=\"mphb-currency\">&euro;<\/span><\/span> <span class=\"mphb-price-period\" title=\"Choose dates to see relevant prices\">per night<\/span>\n\t<\/p>\n\t\n\t\n<\/div>\n<\/div>\t\t\t\t<\/div>\n\t\t\t\t<\/div>\n\t\t\t\t<div class=\"elementor-element elementor-element-5da38bb elementor-align-justify elementor-widget elementor-widget-button\" data-id=\"5da38bb\" data-element_type=\"widget\" data-e-type=\"widget\" data-widget_type=\"button.default\">\n\t\t\t\t<div class=\"elementor-widget-container\">\n\t\t\t\t\t\t\t\t\t<div class=\"elementor-button-wrapper\">\n\t\t\t\t\t<a class=\"elementor-button elementor-button-link elementor-size-lg\" href=\"https:\/\/booking.stepzi.info\/?mphb_room_type=the-i-aint-bothering-you\">\n\t\t\t\t\t\t<span class=\"elementor-button-content-wrapper\">\n\t\t\t\t\t\t\t\t\t<span class=\"elementor-button-text\">Show Me More!<\/span>\n\t\t\t\t\t<\/span>\n\t\t\t\t\t<\/a>\n\t\t\t\t<\/div>\n\t\t\t\t\t\t\t\t<\/div>\n\t\t\t\t<\/div>\n\t\t\t\t\t<\/div>\n\t\t<\/div>\n\t\t\t\t<div class=\"elementor-column elementor-col-33 elementor-top-column elementor-element elementor-element-06dc138\" data-id=\"06dc138\" data-element_type=\"column\" data-e-type=\"column\" data-settings=\"{&quot;background_background&quot;:&quot;classic&quot;}\">\n\t\t\t<div class=\"elementor-widget-wrap elementor-element-populated\">\n\t\t\t\t\t\t<div class=\"elementor-element elementor-element-8740ce8 elementor-widget elementor-widget-mphbe-room\" data-id=\"8740ce8\" data-element_type=\"widget\" data-e-type=\"widget\" data-widget_type=\"mphbe-room.default\">\n\t\t\t\t<div class=\"elementor-widget-container\">\n\t\t\t\t\t<div class=\"mphb_sc_room-wrapper \"><div class=\"mphb-room-type post-138 mphb_room_type type-mphb_room_type status-publish has-post-thumbnail mphb_room_type_category-living-room mphb_room_type_facility-balcony mphb_room_type_facility-bathroom mphb_room_type_facility-fridge mphb_room_type_facility-kettle mphb_room_type_facility-kitchen mphb_room_type_facility-shower mphb_room_type_facility-stove mphb_room_type_facility-towels mphb-room-type-adults-1 mphb-room-type-children-0 \">\n\n\t\n\t\n\n\t<p class=\"post-thumbnail mphb-loop-room-thumbnail\">\n\t<a href=\"https:\/\/booking.stepzi.info\/?mphb_room_type=couch\">\n\t<img decoding=\"async\" width=\"2560\" height=\"1437\" src=\"https:\/\/booking.stepzi.info\/wp-content\/uploads\/2023\/08\/20240203_112001-scaled-e1706956257248.jpg\" class=\"attachment-post-thumbnail size-post-thumbnail wp-post-image\" alt=\"\" srcset=\"https:\/\/booking.stepzi.info\/wp-content\/uploads\/2023\/08\/20240203_112001-scaled-e1706956257248.jpg 2560w, https:\/\/booking.stepzi.info\/wp-content\/uploads\/2023\/08\/20240203_112001-scaled-e1706956257248-300x168.jpg 300w, https:\/\/booking.stepzi.info\/wp-content\/uploads\/2023\/08\/20240203_112001-scaled-e1706956257248-1024x575.jpg 1024w, https:\/\/booking.stepzi.info\/wp-content\/uploads\/2023\/08\/20240203_112001-scaled-e1706956257248-768x431.jpg 768w, https:\/\/booking.stepzi.info\/wp-content\/uploads\/2023\/08\/20240203_112001-scaled-e1706956257248-1536x862.jpg 1536w, https:\/\/booking.stepzi.info\/wp-content\/uploads\/2023\/08\/20240203_112001-scaled-e1706956257248-2048x1150.jpg 2048w\" sizes=\"(max-width: 2560px) 100vw, 2560px\" \/>\t<\/a>\n\n\t<\/p>\n\n<h2 class=\"mphb-room-type-title entry-title\">\n\n<a class=\"mphb-room-type-title\" href=\"https:\/\/booking.stepzi.info\/?mphb_room_type=couch\">The Couch<\/a>\n\n<\/h2>\n\n<p>A couch for stays of one guest.<br \/>\n\u25cf<br \/>\nEin Sofa f\u00fcr \u00dcbernachtungen eines Gastes.<\/p>\n\n\n\n\t\n<\/div>\n<\/div>\t\t\t\t<\/div>\n\t\t\t\t<\/div>\n\t\t\t\t<div class=\"elementor-element elementor-element-b3d8a69 elementor-align-justify elementor-widget elementor-widget-button\" data-id=\"b3d8a69\" data-element_type=\"widget\" data-e-type=\"widget\" data-widget_type=\"button.default\">\n\t\t\t\t<div class=\"elementor-widget-container\">\n\t\t\t\t\t\t\t\t\t<div class=\"elementor-button-wrapper\">\n\t\t\t\t\t<a class=\"elementor-button elementor-button-link elementor-size-lg\" href=\"https:\/\/booking.stepzi.info\/?mphb_room_type=couch\">\n\t\t\t\t\t\t<span class=\"elementor-button-content-wrapper\">\n\t\t\t\t\t\t\t\t\t<span class=\"elementor-button-text\">Show Me More!<\/span>\n\t\t\t\t\t<\/span>\n\t\t\t\t\t<\/a>\n\t\t\t\t<\/div>\n\t\t\t\t\t\t\t\t<\/div>\n\t\t\t\t<\/div>\n\t\t\t\t\t<\/div>\n\t\t<\/div>\n\t\t\t\t\t<\/div>\n\t\t<\/section>\n\t\t\t\t<\/div>\n\t\t","protected":false},"excerpt":{"rendered":"<p>Velkommen til K\u00f8benhavn! We know by first hand experience how pricey this city can be. To relief the strain on your pocket we offer you to stay at our spacious apartment in the green surroundings of\u00a0Br\u00f8nsh\u00f8j-Husum. In case that is too close for comfort you are of course free to book an external accommodation. We [&hellip;]<\/p>\n","protected":false},"author":1,"featured_media":0,"parent":0,"menu_order":0,"comment_status":"closed","ping_status":"closed","template":"","meta":{"footnotes":""},"class_list":["post-62","page","type-page","status-publish","hentry"],"_links":{"self":[{"href":"https:\/\/booking.stepzi.info\/index.php?rest_route=\/wp\/v2\/pages\/62","targetHints":{"allow":["GET"]}}],"collection":[{"href":"https:\/\/booking.stepzi.info\/index.php?rest_route=\/wp\/v2\/pages"}],"about":[{"href":"https:\/\/booking.stepzi.info\/index.php?rest_route=\/wp\/v2\/types\/page"}],"author":[{"embeddable":true,"href":"https:\/\/booking.stepzi.info\/index.php?rest_route=\/wp\/v2\/users\/1"}],"replies":[{"embeddable":true,"href":"https:\/\/booking.stepzi.info\/index.php?rest_route=%2Fwp%2Fv2%2Fcomments&post=62"}],"version-history":[{"count":10,"href":"https:\/\/booking.stepzi.info\/index.php?rest_route=\/wp\/v2\/pages\/62\/revisions"}],"predecessor-version":[{"id":509,"href":"https:\/\/booking.stepzi.info\/index.php?rest_route=\/wp\/v2\/pages\/62\/revisions\/509"}],"wp:attachment":[{"href":"https:\/\/booking.stepzi.info\/index.php?rest_route=%2Fwp%2Fv2%2Fmedia&parent=62"}],"curies":[{"name":"wp","href":"https:\/\/api.w.org\/{rel}","templated":true}]}}